{"id":334,"date":"2008-09-12T10:08:52","date_gmt":"2008-09-12T08:08:52","guid":{"rendered":"http:\/\/www.nopogobiker.de\/blog\/?page_id=334"},"modified":"2019-06-13T19:49:55","modified_gmt":"2019-06-13T17:49:55","slug":"aktion-eiserner-kilometer-und-mehr","status":"publish","type":"page","link":"http:\/\/www.nopogobiker.de\/blog\/aktion-eiserner-kilometer-und-mehr\/","title":{"rendered":"24 Stunden auf den Feldberg"},"content":{"rendered":"<p><u><span style=\"background-color: #e5f5fa; color: #000117;\"><a href=\"http:\/\/www.nopogobiker.de\/blog\/wp-content\/uploads\/2019\/02\/2019-Cover.jpg\"><img loading=\"lazy\" class=\"alignnone size-large wp-image-4308\" src=\"http:\/\/www.nopogobiker.de\/blog\/wp-content\/uploads\/2019\/02\/2019-Cover-1024x709.jpg\" alt=\"\" width=\"640\" height=\"443\" srcset=\"http:\/\/www.nopogobiker.de\/blog\/wp-content\/uploads\/2019\/02\/2019-Cover-1024x709.jpg 1024w, http:\/\/www.nopogobiker.de\/blog\/wp-content\/uploads\/2019\/02\/2019-Cover-300x208.jpg 300w, http:\/\/www.nopogobiker.de\/blog\/wp-content\/uploads\/2019\/02\/2019-Cover-768x532.jpg 768w, http:\/\/www.nopogobiker.de\/blog\/wp-content\/uploads\/2019\/02\/2019-Cover.jpg 1040w\" sizes=\"(max-width: 640px) 100vw, 640px\" \/><\/a><\/span><\/u><\/p>\n<ul>\n<li>Nun schon zum f\u00c3\u00bcnften mal soll im kommenden Jahr die Spendenaktion 24 Stunden auf den Feldberg zur Unterst\u00c3\u00bctzung des Vereins Hilfe f\u00c3\u00bcr krebskranke Kinder e.V. stattfinden. Julia und Kati konnten dabei 19 Auffahrten schaffen, das wollen sie in diesem Jahr noch \u00c3\u00bcberbieten.<\/li>\n<li>Diese Tradition soll nun im kommenden Jahr weiter gef\u00c3\u00bchrt werden. Der Termin steht nun auch fest:<\/li>\n<\/ul>\n<p><b>13.\/14. Juli 2019 (Start wird wieder um 10:00 Uhr sein)<\/b><\/p>\n<ul>\n<li>Die Idee hinter der Aktion bleibt bestehen: es geht darum Spenden f\u00c3\u00bcr den Verein zu sammeln, in der Form, dass potentielle Spender pro geschaffter Auffahrt spenden k\u00c3\u00b6nnen.<\/li>\n<li>Teilnehmen k\u00c3\u00b6nnt ihr entweder als Einzelstarter oder im Team als 2er oder 4er Staffel. Zus\u00c3\u00a4tzlich habe ich mir schon eine eigene Geschichte f\u00c3\u00bcr die Kleinen \u00c3\u00bcberlegt, die auf einer Runde durch den Wald eine kleinere Challenge bew\u00c3\u00a4ltigen k\u00c3\u00b6nnen.<\/li>\n<li>Wenn Ihr Euch die 24 Stunden noch nicht zutraut ist das absolut kein Hinderungsgrund. Auch wenn Ihr uns nur f\u00c3\u00bcr einige wenige Fahrten begleiten wollt, seid Ihr auch willkommen. Am Ende z\u00c3\u00a4hlt jede Auffahrt, wichtig w\u00c3\u00a4re es, dass Ihr Euch vorab um Spender k\u00c3\u00bcmmert, die f\u00c3\u00bcr jede Eurer Auffahrten spenden wollen.<\/li>\n<li>Wenn ihr euch vorstellen k\u00c3\u00b6nnt, im kommenden Jahr mitzumachen (ihr k\u00c3\u00b6nnt selbst fahren und Spender suchen, Ihr k\u00c3\u00b6nnt \u00e2\u20ac\u017enur\u00e2\u20ac\u0153 spenden, oder uns anderweitig unterst\u00c3\u00bctzen), schreibt mir kurz (alex@nikolopoulos.de), damit ich Euch regelm\u00c3\u00a4\u00c3\u0178ig auf dem Laufenden halten kann. Auch wenn ihr Fragen oder Anregungen zu der gesamten Aktion habt, z\u00c3\u00b6gert nicht, und meldet euch bei mir.<\/li>\n<\/ul>\n<p style=\"font-size: 11pt; font-family: calibri; margin: 0in;\">\n<p style=\"font-size: 11pt; font-family: calibri; margin: 0in;\"><!--EndFragment--><\/p>\n<p><!--EndFragment--><\/p>\n","protected":false},"excerpt":{"rendered":"<p>Nun schon zum f\u00c3\u00bcnften mal soll im kommenden Jahr die Spendenaktion 24 Stunden auf den Feldberg zur Unterst\u00c3\u00bctzung des Vereins Hilfe f\u00c3\u00bcr krebskranke Kinder e.V. stattfinden. Julia und Kati konnten dabei 19 Auffahrten schaffen, das wollen sie in diesem Jahr &hellip; <a href=\"http:\/\/www.nopogobiker.de\/blog\/aktion-eiserner-kilometer-und-mehr\/\">Continue reading <span class=\"meta-nav\">&rarr;<\/span><\/a><\/p>\n","protected":false},"author":1,"featured_media":0,"parent":0,"menu_order":0,"comment_status":"open","ping_status":"open","template":"","meta":[],"_links":{"self":[{"href":"http:\/\/www.nopogobiker.de\/blog\/wp-json\/wp\/v2\/pages\/334"}],"collection":[{"href":"http:\/\/www.nopogobiker.de\/blog\/wp-json\/wp\/v2\/pages"}],"about":[{"href":"http:\/\/www.nopogobiker.de\/blog\/wp-json\/wp\/v2\/types\/page"}],"author":[{"embeddable":true,"href":"http:\/\/www.nopogobiker.de\/blog\/wp-json\/wp\/v2\/users\/1"}],"replies":[{"embeddable":true,"href":"http:\/\/www.nopogobiker.de\/blog\/wp-json\/wp\/v2\/comments?post=334"}],"version-history":[{"count":8,"href":"http:\/\/www.nopogobiker.de\/blog\/wp-json\/wp\/v2\/pages\/334\/revisions"}],"predecessor-version":[{"id":4412,"href":"http:\/\/www.nopogobiker.de\/blog\/wp-json\/wp\/v2\/pages\/334\/revisions\/4412"}],"wp:attachment":[{"href":"http:\/\/www.nopogobiker.de\/blog\/wp-json\/wp\/v2\/media?parent=334"}],"curies":[{"name":"wp","href":"https:\/\/api.w.org\/{rel}","templated":true}]}}